{"id":4950,"date":"2023-07-06T07:56:01","date_gmt":"2023-07-06T05:56:01","guid":{"rendered":"https:\/\/castillayleonfilm.com\/network-of-film-offices\/avila-film-office\/"},"modified":"2025-10-09T13:13:16","modified_gmt":"2025-10-09T11:13:16","slug":"avila-film-office","status":"publish","type":"page","link":"https:\/\/castillayleonfilm.com\/en\/network-of-film-offices\/avila-film-office\/","title":{"rendered":"\u00c1vila Film Office"},"content":{"rendered":"\t\t<div data-elementor-type=\"wp-page\" data-elementor-id=\"4950\" class=\"elementor elementor-4950 elementor-1827\" data-elementor-post-type=\"page\">\n\t\t\t\t\t\t<section class=\"elementor-section elementor-top-section elementor-element elementor-element-7920a97 elementor-section-full_width elementor-section-height-default elementor-section-height-default parallax_section_no qode_elementor_container_no\" data-id=\"7920a97\" data-element_type=\"section\" data-e-type=\"section\">\n\t\t\t\t\t\t<div class=\"elementor-container elementor-column-gap-default\">\n\t\t\t\t\t<div class=\"elementor-column elementor-col-100 elementor-top-column elementor-element elementor-element-ac36f2e\" data-id=\"ac36f2e\" data-element_type=\"column\" data-e-type=\"column\">\n\t\t\t<div class=\"elementor-widget-wrap elementor-element-populated\">\n\t\t\t\t\t\t<div class=\"elementor-element elementor-element-3311e76 elementor-widget elementor-widget-image\" data-id=\"3311e76\" data-element_type=\"widget\" data-e-type=\"widget\" data-widget_type=\"image.default\">\n\t\t\t\t<div class=\"elementor-widget-container\">\n\t\t\t\t\t\t\t\t\t\t\t\t\t\t\t<img fetchpriority=\"high\" decoding=\"async\" width=\"2000\" height=\"805\" src=\"https:\/\/castillayleonfilm.com\/wp-content\/uploads\/2023\/07\/CYLFC_red_fc_avila_fc__top_catedral__de_avila__007.jpg\" class=\"attachment-2048x2048 size-2048x2048 wp-image-4176\" alt=\"\" srcset=\"https:\/\/castillayleonfilm.com\/wp-content\/uploads\/2023\/07\/CYLFC_red_fc_avila_fc__top_catedral__de_avila__007.jpg 2000w, https:\/\/castillayleonfilm.com\/wp-content\/uploads\/2023\/07\/CYLFC_red_fc_avila_fc__top_catedral__de_avila__007-300x121.jpg 300w, https:\/\/castillayleonfilm.com\/wp-content\/uploads\/2023\/07\/CYLFC_red_fc_avila_fc__top_catedral__de_avila__007-1024x412.jpg 1024w, https:\/\/castillayleonfilm.com\/wp-content\/uploads\/2023\/07\/CYLFC_red_fc_avila_fc__top_catedral__de_avila__007-768x309.jpg 768w, https:\/\/castillayleonfilm.com\/wp-content\/uploads\/2023\/07\/CYLFC_red_fc_avila_fc__top_catedral__de_avila__007-1536x618.jpg 1536w, https:\/\/castillayleonfilm.com\/wp-content\/uploads\/2023\/07\/CYLFC_red_fc_avila_fc__top_catedral__de_avila__007-700x282.jpg 700w\" sizes=\"(max-width: 2000px) 100vw, 2000px\">\t\t\t\t\t\t\t\t\t\t\t\t\t\t\t<\/div>\n\t\t\t\t<\/div>\n\t\t\t\t\t<\/div>\n\t\t<\/div>\n\t\t\t\t\t<\/div>\n\t\t<\/section>\n\t\t\t\t<section class=\"elementor-section elementor-top-section elementor-element elementor-element-056c14e elementor-section-boxed elementor-section-height-default elementor-section-height-default parallax_section_no qode_elementor_container_no\" data-id=\"056c14e\" data-element_type=\"section\" data-e-type=\"section\" data-settings=\"{&quot;background_background&quot;:&quot;classic&quot;}\">\n\t\t\t\t\t\t<div class=\"elementor-container elementor-column-gap-default\">\n\t\t\t\t\t<div class=\"elementor-column elementor-col-50 elementor-top-column elementor-element elementor-element-e56df03\" data-id=\"e56df03\" data-element_type=\"column\" data-e-type=\"column\">\n\t\t\t<div class=\"elementor-widget-wrap elementor-element-populated\">\n\t\t\t\t\t\t<div class=\"elementor-element elementor-element-2fd44aa elementor-widget elementor-widget-text-editor\" data-id=\"2fd44aa\" data-element_type=\"widget\" data-e-type=\"widget\" data-widget_type=\"text-editor.default\">\n\t\t\t\t<div class=\"elementor-widget-container\">\n\t\t\t\t\t\t\t\t\t<h5><strong>Network of Film Offices<\/strong><\/h5>\t\t\t\t\t\t\t\t<\/div>\n\t\t\t\t<\/div>\n\t\t\t\t<div class=\"elementor-element elementor-element-9e3c728 elementor-widget elementor-widget-text-editor\" data-id=\"9e3c728\" data-element_type=\"widget\" data-e-type=\"widget\" data-widget_type=\"text-editor.default\">\n\t\t\t\t<div class=\"elementor-widget-container\">\n\t\t\t\t\t\t\t\t\t<h1>\u00c1vila<\/h1><h2>FILM office<\/h2>\t\t\t\t\t\t\t\t<\/div>\n\t\t\t\t<\/div>\n\t\t\t\t<div class=\"elementor-element elementor-element-1662ff4 elementor-widget__width-initial elementor-widget-tablet__width-inherit elementor-widget-mobile__width-inherit elementor-widget elementor-widget-text-editor\" data-id=\"1662ff4\" data-element_type=\"widget\" data-e-type=\"widget\" data-widget_type=\"text-editor.default\">\n\t\t\t\t<div class=\"elementor-widget-container\">\n\t\t\t\t\t\t\t\t\t<p><strong>Address:<\/strong><\/p><p>Palacio de los Verdugo<\/p><p>Calle Lope N\u00fa\u00f1ez, 4<\/p><p>05001 \u00c1vila<\/p><p>(+34) <strong>648 036 771<\/strong><br>\n  <br>\n<\/p><p><a href=\"mailto:cmateos@ayuntavila.com\">cmateos@ayuntavila.com<\/a><\/p><p><a href=\"http:\/\/www.avilaturismo.com\" target=\"_blank\" rel=\"noopener\">www.avilaturismo.com<\/a><\/p>\t\t\t\t\t\t\t\t<\/div>\n\t\t\t\t<\/div>\n\t\t\t\t\t<\/div>\n\t\t<\/div>\n\t\t\t\t<div class=\"elementor-column elementor-col-50 elementor-top-column elementor-element elementor-element-4486d7b\" data-id=\"4486d7b\" data-element_type=\"column\" data-e-type=\"column\">\n\t\t\t<div class=\"elementor-widget-wrap elementor-element-populated\">\n\t\t\t\t\t\t<div class=\"elementor-element elementor-element-fe20b9e elementor-widget elementor-widget-image\" data-id=\"fe20b9e\" data-element_type=\"widget\" data-e-type=\"widget\" data-widget_type=\"image.default\">\n\t\t\t\t<div class=\"elementor-widget-container\">\n\t\t\t\t\t\t\t\t\t\t\t\t\t\t\t<img decoding=\"async\" width=\"768\" height=\"512\" src=\"https:\/\/castillayleonfilm.com\/wp-content\/uploads\/2023\/07\/CYLFC_red_fc_avila_fc_competenciaoficial_20200921_-768x512.jpg\" class=\"attachment-medium_large size-medium_large wp-image-4182\" alt=\"\" srcset=\"https:\/\/castillayleonfilm.com\/wp-content\/uploads\/2023\/07\/CYLFC_red_fc_avila_fc_competenciaoficial_20200921_-768x512.jpg 768w, https:\/\/castillayleonfilm.com\/wp-content\/uploads\/2023\/07\/CYLFC_red_fc_avila_fc_competenciaoficial_20200921_-300x200.jpg 300w, https:\/\/castillayleonfilm.com\/wp-content\/uploads\/2023\/07\/CYLFC_red_fc_avila_fc_competenciaoficial_20200921_-1024x682.jpg 1024w, https:\/\/castillayleonfilm.com\/wp-content\/uploads\/2023\/07\/CYLFC_red_fc_avila_fc_competenciaoficial_20200921_-700x466.jpg 700w, https:\/\/castillayleonfilm.com\/wp-content\/uploads\/2023\/07\/CYLFC_red_fc_avila_fc_competenciaoficial_20200921_.jpg 1280w\" sizes=\"(max-width: 768px) 100vw, 768px\">\t\t\t\t\t\t\t\t\t\t\t\t\t\t\t<\/div>\n\t\t\t\t<\/div>\n\t\t\t\t\t<\/div>\n\t\t<\/div>\n\t\t\t\t\t<\/div>\n\t\t<\/section>\n\t\t\t\t<section class=\"elementor-section elementor-top-section elementor-element elementor-element-ba14aff elementor-section-boxed elementor-section-height-default elementor-section-height-default parallax_section_no qode_elementor_container_no\" data-id=\"ba14aff\" data-element_type=\"section\" data-e-type=\"section\" data-settings=\"{&quot;background_background&quot;:&quot;classic&quot;}\">\n\t\t\t\t\t\t<div class=\"elementor-container elementor-column-gap-narrow\">\n\t\t\t\t\t<div class=\"elementor-column elementor-col-100 elementor-top-column elementor-element elementor-element-55365a6\" data-id=\"55365a6\" data-element_type=\"column\" data-e-type=\"column\" data-settings=\"{&quot;background_background&quot;:&quot;classic&quot;}\">\n\t\t\t<div class=\"elementor-widget-wrap elementor-element-populated\">\n\t\t\t\t\t\t<section class=\"elementor-section elementor-inner-section elementor-element elementor-element-a08a0bc elementor-section-boxed elementor-section-height-default elementor-section-height-default parallax_section_no qode_elementor_container_no\" data-id=\"a08a0bc\" data-element_type=\"section\" data-e-type=\"section\">\n\t\t\t\t\t\t<div class=\"elementor-container elementor-column-gap-default\">\n\t\t\t\t\t<div class=\"elementor-column elementor-col-33 elementor-inner-column elementor-element elementor-element-3c6385a\" data-id=\"3c6385a\" data-element_type=\"column\" data-e-type=\"column\">\n\t\t\t<div class=\"elementor-widget-wrap elementor-element-populated\">\n\t\t\t\t\t\t<div class=\"elementor-element elementor-element-8ae9782 elementor-widget elementor-widget-image\" data-id=\"8ae9782\" data-element_type=\"widget\" data-e-type=\"widget\" data-widget_type=\"image.default\">\n\t\t\t\t<div class=\"elementor-widget-container\">\n\t\t\t\t\t\t\t\t\t\t\t\t\t\t\t<img decoding=\"async\" width=\"800\" height=\"600\" src=\"https:\/\/castillayleonfilm.com\/wp-content\/uploads\/2023\/07\/CYLFC_red_fc_avila_fc_un_pais__para_leerlo__tve_2_-800x600.jpg\" class=\"attachment-portfolio-landscape size-portfolio-landscape wp-image-4185\" alt=\"\" srcset=\"https:\/\/castillayleonfilm.com\/wp-content\/uploads\/2023\/07\/CYLFC_red_fc_avila_fc_un_pais__para_leerlo__tve_2_-800x600.jpg 800w, https:\/\/castillayleonfilm.com\/wp-content\/uploads\/2023\/07\/CYLFC_red_fc_avila_fc_un_pais__para_leerlo__tve_2_-300x225.jpg 300w, https:\/\/castillayleonfilm.com\/wp-content\/uploads\/2023\/07\/CYLFC_red_fc_avila_fc_un_pais__para_leerlo__tve_2_-1024x768.jpg 1024w, https:\/\/castillayleonfilm.com\/wp-content\/uploads\/2023\/07\/CYLFC_red_fc_avila_fc_un_pais__para_leerlo__tve_2_-768x576.jpg 768w, https:\/\/castillayleonfilm.com\/wp-content\/uploads\/2023\/07\/CYLFC_red_fc_avila_fc_un_pais__para_leerlo__tve_2_-1536x1152.jpg 1536w, https:\/\/castillayleonfilm.com\/wp-content\/uploads\/2023\/07\/CYLFC_red_fc_avila_fc_un_pais__para_leerlo__tve_2_-700x525.jpg 700w, https:\/\/castillayleonfilm.com\/wp-content\/uploads\/2023\/07\/CYLFC_red_fc_avila_fc_un_pais__para_leerlo__tve_2_.jpg 2000w\" sizes=\"(max-width: 800px) 100vw, 800px\">\t\t\t\t\t\t\t\t\t\t\t\t\t\t\t<\/div>\n\t\t\t\t<\/div>\n\t\t\t\t\t<\/div>\n\t\t<\/div>\n\t\t\t\t<div class=\"elementor-column elementor-col-33 elementor-inner-column elementor-element elementor-element-7c2427d\" data-id=\"7c2427d\" data-element_type=\"column\" data-e-type=\"column\">\n\t\t\t<div class=\"elementor-widget-wrap elementor-element-populated\">\n\t\t\t\t\t\t<div class=\"elementor-element elementor-element-7229fa2 elementor-widget elementor-widget-image\" data-id=\"7229fa2\" data-element_type=\"widget\" data-e-type=\"widget\" data-widget_type=\"image.default\">\n\t\t\t\t<div class=\"elementor-widget-container\">\n\t\t\t\t\t\t\t\t\t\t\t\t\t\t\t<img loading=\"lazy\" decoding=\"async\" width=\"1000\" height=\"1000\" src=\"https:\/\/castillayleonfilm.com\/wp-content\/uploads\/2023\/07\/CYLFC_red_fc_avila_fc_saber_vivir__1-1000x1000.jpg\" class=\"attachment-portfolio_masonry_large size-portfolio_masonry_large wp-image-4184\" alt=\"\" srcset=\"https:\/\/castillayleonfilm.com\/wp-content\/uploads\/2023\/07\/CYLFC_red_fc_avila_fc_saber_vivir__1-1000x1000.jpg 1000w, https:\/\/castillayleonfilm.com\/wp-content\/uploads\/2023\/07\/CYLFC_red_fc_avila_fc_saber_vivir__1-150x150.jpg 150w, https:\/\/castillayleonfilm.com\/wp-content\/uploads\/2023\/07\/CYLFC_red_fc_avila_fc_saber_vivir__1-570x570.jpg 570w, https:\/\/castillayleonfilm.com\/wp-content\/uploads\/2023\/07\/CYLFC_red_fc_avila_fc_saber_vivir__1-500x500.jpg 500w, https:\/\/castillayleonfilm.com\/wp-content\/uploads\/2023\/07\/CYLFC_red_fc_avila_fc_saber_vivir__1-650x650.jpg 650w, https:\/\/castillayleonfilm.com\/wp-content\/uploads\/2023\/07\/CYLFC_red_fc_avila_fc_saber_vivir__1-1300x1300.jpg 1300w\" sizes=\"(max-width: 1000px) 100vw, 1000px\">\t\t\t\t\t\t\t\t\t\t\t\t\t\t\t<\/div>\n\t\t\t\t<\/div>\n\t\t\t\t\t<\/div>\n\t\t<\/div>\n\t\t\t\t<div class=\"elementor-column elementor-col-33 elementor-inner-column elementor-element elementor-element-7edd062\" data-id=\"7edd062\" data-element_type=\"column\" data-e-type=\"column\">\n\t\t\t<div class=\"elementor-widget-wrap elementor-element-populated\">\n\t\t\t\t\t\t<div class=\"elementor-element elementor-element-7d502c3 elementor-widget elementor-widget-image\" data-id=\"7d502c3\" data-element_type=\"widget\" data-e-type=\"widget\" data-widget_type=\"image.default\">\n\t\t\t\t<div class=\"elementor-widget-container\">\n\t\t\t\t\t\t\t\t\t\t\t\t\t\t\t\t<a href=\"https:\/\/castillayleonfilm.com\/wp-content\/uploads\/2023\/07\/CYLFC_red_fc_avila_fc_competenciaoficial_20200228_.jpg\" data-elementor-open-lightbox=\"yes\" data-elementor-lightbox-title=\"CYLFC_red_fc_avila_fc_competenciaoficial_20200228_\" data-e-action-hash=\"#elementor-action%3Aaction%3Dlightbox%26settings%3DeyJpZCI6NDE4MSwidXJsIjoiaHR0cHM6XC9cL2Nhc3RpbGxheWxlb25maWxtLmNvbVwvd3AtY29udGVudFwvdXBsb2Fkc1wvMjAyM1wvMDdcL0NZTEZDX3JlZF9mY19hdmlsYV9mY19jb21wZXRlbmNpYW9maWNpYWxfMjAyMDAyMjhfLmpwZyJ9\">\n\t\t\t\t\t\t\t<img loading=\"lazy\" decoding=\"async\" width=\"1000\" height=\"853\" src=\"https:\/\/castillayleonfilm.com\/wp-content\/uploads\/2023\/07\/CYLFC_red_fc_avila_fc_competenciaoficial_20200228_-1000x853.jpg\" class=\"attachment-portfolio_masonry_large size-portfolio_masonry_large wp-image-4181\" alt=\"\">\t\t\t\t\t\t\t\t<\/a>\n\t\t\t\t\t\t\t\t\t\t\t\t\t\t\t<\/div>\n\t\t\t\t<\/div>\n\t\t\t\t\t<\/div>\n\t\t<\/div>\n\t\t\t\t\t<\/div>\n\t\t<\/section>\n\t\t\t\t\t<\/div>\n\t\t<\/div>\n\t\t\t\t\t<\/div>\n\t\t<\/section>\n\t\t\t\t<\/div>\n\t\t","protected":false},"excerpt":{"rendered":"<p>Network of Film Offices \u00c1vila FILM office Address: Palacio de los Verdugo Calle Lope N\u00fa\u00f1ez, 4 05001 \u00c1vila (+34) 648 036 771 cmateos@ayuntavila.com www.avilaturismo.com<\/p>\n","protected":false},"author":4,"featured_media":0,"parent":4927,"menu_order":53,"comment_status":"closed","ping_status":"closed","template":"full_width.php","meta":{"_acf_changed":false,"footnotes":""},"class_list":["post-4950","page","type-page","status-publish","hentry"],"acf":[],"_links":{"self":[{"href":"https:\/\/castillayleonfilm.com\/en\/wp-json\/wp\/v2\/pages\/4950","targetHints":{"allow":["GET"]}}],"collection":[{"href":"https:\/\/castillayleonfilm.com\/en\/wp-json\/wp\/v2\/pages"}],"about":[{"href":"https:\/\/castillayleonfilm.com\/en\/wp-json\/wp\/v2\/types\/page"}],"author":[{"embeddable":true,"href":"https:\/\/castillayleonfilm.com\/en\/wp-json\/wp\/v2\/users\/4"}],"replies":[{"embeddable":true,"href":"https:\/\/castillayleonfilm.com\/en\/wp-json\/wp\/v2\/comments?post=4950"}],"version-history":[{"count":2,"href":"https:\/\/castillayleonfilm.com\/en\/wp-json\/wp\/v2\/pages\/4950\/revisions"}],"predecessor-version":[{"id":15688,"href":"https:\/\/castillayleonfilm.com\/en\/wp-json\/wp\/v2\/pages\/4950\/revisions\/15688"}],"up":[{"embeddable":true,"href":"https:\/\/castillayleonfilm.com\/en\/wp-json\/wp\/v2\/pages\/4927"}],"wp:attachment":[{"href":"https:\/\/castillayleonfilm.com\/en\/wp-json\/wp\/v2\/media?parent=4950"}],"curies":[{"name":"wp","href":"https:\/\/api.w.org\/{rel}","templated":true}]}}